{"id":522,"date":"2024-12-20T17:31:27","date_gmt":"2024-12-20T16:31:27","guid":{"rendered":"https:\/\/prochinitalia.com\/?page_id=522"},"modified":"2024-12-23T15:37:22","modified_gmt":"2024-12-23T14:37:22","slug":"alimentare-e-farmaceutico","status":"publish","type":"page","link":"https:\/\/prochinitalia.com\/it\/prodotti-chimici-industriali\/alimentare-e-farmaceutico\/","title":{"rendered":"Alimentare e farmaceutico"},"content":{"rendered":"\t\t<div data-elementor-type=\"wp-page\" data-elementor-id=\"522\" class=\"elementor elementor-522\" data-elementor-post-type=\"page\">\n\t\t\t\t<div class=\"elementor-element elementor-element-db403ec e-con-full e-flex e-con e-parent\" data-id=\"db403ec\" data-element_type=\"container\" data-e-type=\"container\">\n\t\t\t\t<div class=\"elementor-element elementor-element-d4dc988 elementor-widget elementor-widget-shortcode\" data-id=\"d4dc988\" data-element_type=\"widget\" data-e-type=\"widget\" data-widget_type=\"shortcode.default\">\n\t\t\t\t<div class=\"elementor-widget-container\">\n\t\t\t\t\t\t\t<div class=\"elementor-shortcode\">\t\t<div data-elementor-type=\"section\" data-elementor-id=\"327\" class=\"elementor elementor-327\" data-elementor-post-type=\"elementor_library\">\n\t\t\t<div class=\"elementor-element elementor-element-873ada8 e-con-full e-flex e-con e-parent\" data-id=\"873ada8\" data-element_type=\"container\" data-e-type=\"container\" data-settings=\"{&quot;background_background&quot;:&quot;classic&quot;}\">\n\t\t<div class=\"elementor-element elementor-element-dcd9c4a e-con-full e-flex e-con e-child\" data-id=\"dcd9c4a\" data-element_type=\"container\" data-e-type=\"container\" data-settings=\"{&quot;background_background&quot;:&quot;classic&quot;}\">\n\t\t\t\t<div class=\"elementor-element elementor-element-42ea0f3 elementor-tablet-align-center elementor-widget elementor-widget-breadcrumbs\" data-id=\"42ea0f3\" data-element_type=\"widget\" data-e-type=\"widget\" data-widget_type=\"breadcrumbs.default\">\n\t\t\t\t<div class=\"elementor-widget-container\">\n\t\t\t\t\t<p id=\"breadcrumbs\"><span><span><a href=\"https:\/\/prochinitalia.com\/it\/\">Home<\/a><\/span><\/span><\/p>\t\t\t\t<\/div>\n\t\t\t\t<\/div>\n\t\t\t\t<\/div>\n\t\t\t\t<div class=\"elementor-element elementor-element-12a8edb elementor-widget elementor-widget-spacer\" data-id=\"12a8edb\" data-element_type=\"widget\" data-e-type=\"widget\" data-widget_type=\"spacer.default\">\n\t\t\t\t<div class=\"elementor-widget-container\">\n\t\t\t\t\t\t\t<div class=\"elementor-spacer\">\n\t\t\t<div class=\"elementor-spacer-inner\"><\/div>\n\t\t<\/div>\n\t\t\t\t\t\t<\/div>\n\t\t\t\t<\/div>\n\t\t\t\t<\/div>\n\t\t\t\t<\/div>\n\t\t<\/div>\n\t\t\t\t\t\t<\/div>\n\t\t\t\t<\/div>\n\t\t\t\t<\/div>\n\t\t<div class=\"elementor-element elementor-element-ffa6bf5 e-flex e-con-boxed e-con e-parent\" data-id=\"ffa6bf5\" data-element_type=\"container\" data-e-type=\"container\">\n\t\t\t\t\t<div class=\"e-con-inner\">\n\t\t<div class=\"elementor-element elementor-element-dfd48c8 e-flex e-con-boxed e-con e-child\" data-id=\"dfd48c8\" data-element_type=\"container\" data-e-type=\"container\">\n\t\t\t\t\t<div class=\"e-con-inner\">\n\t\t\t\t<div class=\"elementor-element elementor-element-e8a4836 elementor-widget elementor-widget-text-editor\" data-id=\"e8a4836\" data-element_type=\"widget\" data-e-type=\"widget\" data-widget_type=\"text-editor.default\">\n\t\t\t\t<div class=\"elementor-widget-container\">\n\t\t\t\t\t\t\t\t\t<p>La scelta di materie \u00e8 tesa a garantire prodotti innovativi e sempre disponibili. La qualit\u00e0 e la sicurezza delle stesse \u00e8 il risultato di un\u2019attenta selezione degli ingredienti e da partnership con i pi\u00f9 importanti produttori per approvvigionarsi dalle fonti migliori e pi\u00f9 competitive.<\/p>\n<h3>Settori<\/h3>\t\t\t\t\t\t\t\t<\/div>\n\t\t\t\t<\/div>\n\t\t\t\t<div class=\"elementor-element elementor-element-88f1af8 elementor-widget elementor-widget-text-editor\" data-id=\"88f1af8\" data-element_type=\"widget\" data-e-type=\"widget\" data-widget_type=\"text-editor.default\">\n\t\t\t\t<div class=\"elementor-widget-container\">\n\t\t\t\t\t\t\t\t\t<ul>\n<li>Lavorazione di carni suine, avicole, bovine e pesce<\/li>\n<li>Pane e prodotti da forno<\/li>\n<li>Prodotti lattiero caseari e gelati<\/li>\n<li>Bibite e bevande<\/li>\n<li>Industria dolciaria<\/li>\n<li>Conserve e succhi di frutta<\/li>\n<\/ul>\t\t\t\t\t\t\t\t<\/div>\n\t\t\t\t<\/div>\n\t\t\t\t<div class=\"elementor-element elementor-element-81f7d40 elementor-widget elementor-widget-text-editor\" data-id=\"81f7d40\" data-element_type=\"widget\" data-e-type=\"widget\" data-widget_type=\"text-editor.default\">\n\t\t\t\t<div class=\"elementor-widget-container\">\n\t\t\t\t\t\t\t\t\t<h3>Prodotti principali<\/h3>\t\t\t\t\t\t\t\t<\/div>\n\t\t\t\t<\/div>\n\t\t\t\t<div class=\"elementor-element elementor-element-9f5763c elementor-widget elementor-widget-text-editor\" data-id=\"9f5763c\" data-element_type=\"widget\" data-e-type=\"widget\" data-widget_type=\"text-editor.default\">\n\t\t\t\t<div class=\"elementor-widget-container\">\n\t\t\t\t\t\t\t\t\t<ul>\n<li>Addensanti e stabilizzanti<\/li>\n<li>Agenti di rivestimento<\/li>\n<li>Agenti staccanti<\/li>\n<li>Antiossidanti<\/li>\n<li>Amidi<\/li>\n<li>Aromi<\/li>\n<li>Coadiuvanti tecnologici<\/li>\n<li>Conservanti<\/li>\n<li>Edulcoranti<\/li>\n<li>Emulsionanti<\/li>\n<li>Enzimi (Bakery)<\/li>\n<li>Esaltatori di sapidit\u00e0<\/li>\n<li>Fibre vegetali<\/li>\n<li>Regolatori di acidit\u00e0 \u2013 Correttori di acidit\u00e0<\/li>\n<li>Spezie<\/li>\n<li>Zuccheri<\/li>\n<\/ul>\t\t\t\t\t\t\t\t<\/div>\n\t\t\t\t<\/div>\n\t\t\t\t\t<\/div>\n\t\t\t\t<\/div>\n\t\t\t\t\t<\/div>\n\t\t\t\t<\/div>\n\t\t<div class=\"elementor-element elementor-element-ed37f52 e-flex e-con-boxed e-con e-parent\" data-id=\"ed37f52\" data-element_type=\"container\" data-e-type=\"container\" data-settings=\"{&quot;background_background&quot;:&quot;classic&quot;}\">\n\t\t\t\t\t<div class=\"e-con-inner\">\n\t\t\t\t<div class=\"elementor-element elementor-element-fef3e70 elementor-widget elementor-widget-heading\" data-id=\"fef3e70\" data-element_type=\"widget\" data-e-type=\"widget\" data-widget_type=\"heading.default\">\n\t\t\t\t<div class=\"elementor-widget-container\">\n\t\t\t\t\t<div class=\"elementor-heading-title elementor-size-default\">Hai bisogno di maggiori informazioni?<\/div>\t\t\t\t<\/div>\n\t\t\t\t<\/div>\n\t\t\t\t<div class=\"elementor-element elementor-element-e185bde elementor-widget elementor-widget-text-editor\" data-id=\"e185bde\" data-element_type=\"widget\" data-e-type=\"widget\" data-widget_type=\"text-editor.default\">\n\t\t\t\t<div class=\"elementor-widget-container\">\n\t\t\t\t\t\t\t\t\t<p>Compila il form e ti ricontatteremo nel minor tempo possibile<\/p>\t\t\t\t\t\t\t\t<\/div>\n\t\t\t\t<\/div>\n\t\t\t\t<div class=\"elementor-element elementor-element-8c9a372 elementor-widget elementor-widget-shortcode\" data-id=\"8c9a372\" data-element_type=\"widget\" data-e-type=\"widget\" data-widget_type=\"shortcode.default\">\n\t\t\t\t<div class=\"elementor-widget-container\">\n\t\t\t\t\t\t\t<div class=\"elementor-shortcode\">\t\t<div data-elementor-type=\"section\" data-elementor-id=\"380\" class=\"elementor elementor-380\" data-elementor-post-type=\"elementor_library\">\n\t\t\t<div class=\"elementor-element elementor-element-cd5bb94 e-flex e-con-boxed e-con e-parent\" data-id=\"cd5bb94\" data-element_type=\"container\" data-e-type=\"container\">\n\t\t\t\t\t<div class=\"e-con-inner\">\n\t\t\t\t<div class=\"elementor-element elementor-element-0056022 elementor-button-align-stretch elementor-widget elementor-widget-form\" data-id=\"0056022\" data-element_type=\"widget\" data-e-type=\"widget\" data-settings=\"{&quot;step_next_label&quot;:&quot;Next&quot;,&quot;step_previous_label&quot;:&quot;Previous&quot;,&quot;button_width&quot;:&quot;100&quot;,&quot;step_type&quot;:&quot;number_text&quot;,&quot;step_icon_shape&quot;:&quot;circle&quot;}\" data-widget_type=\"form.default\">\n\t\t\t\t<div class=\"elementor-widget-container\">\n\t\t\t\t\t\t\t<form class=\"elementor-form\" method=\"post\" name=\"Form Informazioni\" aria-label=\"Form Informazioni\">\n\t\t\t<input type=\"hidden\" name=\"post_id\" value=\"380\"\/>\n\t\t\t<input type=\"hidden\" name=\"form_id\" value=\"0056022\"\/>\n\t\t\t<input type=\"hidden\" name=\"referer_title\" value=\"Prochin\" \/>\n\n\t\t\t\n\t\t\t<div class=\"elementor-form-fields-wrapper elementor-labels-\">\n\t\t\t\t\t\t\t\t<div class=\"elementor-field-type-hidden elementor-field-group elementor-column elementor-field-group-pagina elementor-col-100\">\n\t\t\t\t\t\t\t\t\t\t\t\t\t<input size=\"1\" type=\"hidden\" name=\"form_fields[pagina]\" id=\"form-field-pagina\" class=\"elementor-field elementor-size-sm  elementor-field-textual\">\n\t\t\t\t\t\t\t\t\t\t\t<\/div>\n\t\t\t\t\t\t\t\t<div class=\"elementor-field-type-text elementor-field-group elementor-column elementor-field-group-nome elementor-col-50 elementor-field-required\">\n\t\t\t\t\t\t\t\t\t\t\t\t<label for=\"form-field-nome\" class=\"elementor-field-label elementor-screen-only\">\n\t\t\t\t\t\t\t\tNome\t\t\t\t\t\t\t<\/label>\n\t\t\t\t\t\t\t\t\t\t\t\t\t\t<input size=\"1\" type=\"text\" name=\"form_fields[nome]\" id=\"form-field-nome\" class=\"elementor-field elementor-size-sm  elementor-field-textual\" placeholder=\"Nome*\" required=\"required\">\n\t\t\t\t\t\t\t\t\t\t\t<\/div>\n\t\t\t\t\t\t\t\t<div class=\"elementor-field-type-text elementor-field-group elementor-column elementor-field-group-cognome elementor-col-50 elementor-field-required\">\n\t\t\t\t\t\t\t\t\t\t\t\t<label for=\"form-field-cognome\" class=\"elementor-field-label elementor-screen-only\">\n\t\t\t\t\t\t\t\tCognome\t\t\t\t\t\t\t<\/label>\n\t\t\t\t\t\t\t\t\t\t\t\t\t\t<input size=\"1\" type=\"text\" name=\"form_fields[cognome]\" id=\"form-field-cognome\" class=\"elementor-field elementor-size-sm  elementor-field-textual\" placeholder=\"Cognome*\" required=\"required\">\n\t\t\t\t\t\t\t\t\t\t\t<\/div>\n\t\t\t\t\t\t\t\t<div class=\"elementor-field-type-email elementor-field-group elementor-column elementor-field-group-email elementor-col-33 elementor-field-required\">\n\t\t\t\t\t\t\t\t\t\t\t\t<label for=\"form-field-email\" class=\"elementor-field-label elementor-screen-only\">\n\t\t\t\t\t\t\t\tEmail\t\t\t\t\t\t\t<\/label>\n\t\t\t\t\t\t\t\t\t\t\t\t\t\t<input size=\"1\" type=\"email\" name=\"form_fields[email]\" id=\"form-field-email\" class=\"elementor-field elementor-size-sm  elementor-field-textual\" placeholder=\"Email*\" required=\"required\">\n\t\t\t\t\t\t\t\t\t\t\t<\/div>\n\t\t\t\t\t\t\t\t<div class=\"elementor-field-type-tel elementor-field-group elementor-column elementor-field-group-telefono elementor-col-33 elementor-field-required\">\n\t\t\t\t\t\t\t\t\t\t\t\t<label for=\"form-field-telefono\" class=\"elementor-field-label elementor-screen-only\">\n\t\t\t\t\t\t\t\tTelefono\t\t\t\t\t\t\t<\/label>\n\t\t\t\t\t\t\t\t<input size=\"1\" type=\"tel\" name=\"form_fields[telefono]\" id=\"form-field-telefono\" class=\"elementor-field elementor-size-sm  elementor-field-textual\" placeholder=\"Telefono*\" required=\"required\" pattern=\"[0-9()#&amp;+*-=.]+\" title=\"Only numbers and phone characters (#, -, *, etc) are accepted.\">\n\n\t\t\t\t\t\t<\/div>\n\t\t\t\t\t\t\t\t<div class=\"elementor-field-type-text elementor-field-group elementor-column elementor-field-group-azienda elementor-col-33\">\n\t\t\t\t\t\t\t\t\t\t\t\t<label for=\"form-field-azienda\" class=\"elementor-field-label elementor-screen-only\">\n\t\t\t\t\t\t\t\tAzienda\t\t\t\t\t\t\t<\/label>\n\t\t\t\t\t\t\t\t\t\t\t\t\t\t<input size=\"1\" type=\"text\" name=\"form_fields[azienda]\" id=\"form-field-azienda\" class=\"elementor-field elementor-size-sm  elementor-field-textual\" placeholder=\"Azienda\">\n\t\t\t\t\t\t\t\t\t\t\t<\/div>\n\t\t\t\t\t\t\t\t<div class=\"elementor-field-type-textarea elementor-field-group elementor-column elementor-field-group-messaggio elementor-col-100\">\n\t\t\t\t\t\t\t\t\t\t\t\t<label for=\"form-field-messaggio\" class=\"elementor-field-label elementor-screen-only\">\n\t\t\t\t\t\t\t\tMessaggio\t\t\t\t\t\t\t<\/label>\n\t\t\t\t\t\t<textarea class=\"elementor-field-textual elementor-field  elementor-size-sm\" name=\"form_fields[messaggio]\" id=\"form-field-messaggio\" rows=\"4\" placeholder=\"Scrivi qui la tua richiesta\"><\/textarea>\t\t\t\t<\/div>\n\t\t\t\t\t\t\t\t<div class=\"elementor-field-type-acceptance elementor-field-group elementor-column elementor-field-group-privacy elementor-col-100 elementor-field-required\">\n\t\t\t\t\t\t\t\t\t\t\t\t<label for=\"form-field-privacy\" class=\"elementor-field-label elementor-screen-only\">\n\t\t\t\t\t\t\t\tPrivacy Policy\t\t\t\t\t\t\t<\/label>\n\t\t\t\t\t\t\t\t<div class=\"elementor-field-subgroup\">\n\t\t\t<span class=\"elementor-field-option\">\n\t\t\t\t<input type=\"checkbox\" name=\"form_fields[privacy]\" id=\"form-field-privacy\" class=\"elementor-field elementor-size-sm  elementor-acceptance-field\" required=\"required\">\n\t\t\t\t<label for=\"form-field-privacy\">Ho letto l'informativa sul trattamento dei dati personali consultabile <a href=\"https:\/\/prochinitalia.com\/privacy-policy\" style=\"color:#00416B\">cliccando qui<\/a>.<\/label>\t\t\t<\/span>\n\t\t<\/div>\n\t\t\t\t\t\t<\/div>\n\t\t\t\t\t\t\t\t<div class=\"elementor-field-type-recaptcha_v3 elementor-field-group elementor-column elementor-field-group-field_38b5cac elementor-col-100 recaptcha_v3-bottomright\">\n\t\t\t\t\t<div class=\"elementor-field\" id=\"form-field-field_38b5cac\"><div class=\"elementor-g-recaptcha\" data-sitekey=\"6LcbjaoqAAAAAEcFsLD8Wulj-N6-S7AWMcM9PQSb\" data-type=\"v3\" data-action=\"Form\" data-badge=\"bottomright\" data-size=\"invisible\"><\/div><\/div>\t\t\t\t<\/div>\n\t\t\t\t\t\t\t\t<div class=\"elementor-field-group elementor-column elementor-field-type-submit elementor-col-100 e-form__buttons\">\n\t\t\t\t\t<button class=\"elementor-button elementor-size-md\" type=\"submit\">\n\t\t\t\t\t\t<span class=\"elementor-button-content-wrapper\">\n\t\t\t\t\t\t\t\t\t\t\t\t\t\t\t\t\t\t\t\t\t\t<span class=\"elementor-button-text\">Richiedi Informazioni<\/span>\n\t\t\t\t\t\t\t\t\t\t\t\t\t<\/span>\n\t\t\t\t\t<\/button>\n\t\t\t\t<\/div>\n\t\t\t<\/div>\n\t\t<\/form>\n\t\t\t\t\t\t<\/div>\n\t\t\t\t<\/div>\n\t\t\t\t<div class=\"elementor-element elementor-element-4c2e352 elementor-widget elementor-widget-text-editor\" data-id=\"4c2e352\" data-element_type=\"widget\" data-e-type=\"widget\" data-widget_type=\"text-editor.default\">\n\t\t\t\t<div class=\"elementor-widget-container\">\n\t\t\t\t\t\t\t\t\t<span style=\"color: #333333; font-size: 12px;\"><em>Questo sito \u00e8 protetto da Google reCAPTCHA v3, <span style=\"text-decoration: underline;\"><a style=\"color: #333333; text-decoration: underline;\" href=\"https:\/\/policies.google.com\/privacy\" target=\"_blank\" rel=\"nofollow noopener noreferrer\">Privacy Policy<\/a><\/span> e <a style=\"color: #333333;\" href=\"https:\/\/policies.google.com\/terms\" target=\"_blank\" rel=\"nofollow noopener noreferrer\"><span style=\"text-decoration: underline;\">Terms of Service<\/span><\/a> di Google.<\/em><\/span>\t\t\t\t\t\t\t\t<\/div>\n\t\t\t\t<\/div>\n\t\t\t\t\t<\/div>\n\t\t\t\t<\/div>\n\t\t\t\t<\/div>\n\t\t<\/div>\n\t\t\t\t\t\t<\/div>\n\t\t\t\t<\/div>\n\t\t\t\t\t<\/div>\n\t\t\t\t<\/div>\n\t\t\t\t<\/div>\n\t\t","protected":false},"excerpt":{"rendered":"<p>La scelta di materie \u00e8 tesa a garantire prodotti innovativi e sempre disponibili. La qualit\u00e0 e la sicurezza delle stesse \u00e8 il risultato di un\u2019attenta selezione<span class=\"excerpt-hellip\"> [\u2026]<\/span><\/p>\n","protected":false},"author":1,"featured_media":941,"parent":445,"menu_order":0,"comment_status":"open","ping_status":"closed","template":"","meta":{"_acf_changed":false,"footnotes":""},"class_list":["post-522","page","type-page","status-publish","has-post-thumbnail","hentry"],"acf":[],"yoast_head":"<!-- This site is optimized with the Yoast SEO plugin v24.2 - https:\/\/yoast.com\/wordpress\/plugins\/seo\/ -->\n<title>Alimentare e farmaceutico - Prochin<\/title>\n<meta name=\"robots\" content=\"index, follow, max-snippet:-1, max-image-preview:large, max-video-preview:-1\" \/>\n<link rel=\"canonical\" href=\"https:\/\/prochinitalia.com\/it\/prodotti-chimici-industriali\/alimentare-e-farmaceutico\/\" \/>\n<meta property=\"og:locale\" content=\"it_IT\" \/>\n<meta property=\"og:type\" content=\"article\" \/>\n<meta property=\"og:title\" content=\"Alimentare e farmaceutico - Prochin\" \/>\n<meta property=\"og:description\" content=\"La scelta di materie \u00e8 tesa a garantire prodotti innovativi e sempre disponibili. La qualit\u00e0 e la sicurezza delle stesse \u00e8 il risultato di un\u2019attenta selezione [\u2026]\" \/>\n<meta property=\"og:url\" content=\"https:\/\/prochinitalia.com\/it\/prodotti-chimici-industriali\/alimentare-e-farmaceutico\/\" \/>\n<meta property=\"og:site_name\" content=\"Prochin\" \/>\n<meta property=\"article:modified_time\" content=\"2024-12-23T14:37:22+00:00\" \/>\n<meta property=\"og:image\" content=\"https:\/\/prochinitalia.com\/wp-content\/uploads\/2024\/12\/Copertina-Chimici-Industriali.webp\" \/>\n\t<meta property=\"og:image:width\" content=\"1920\" \/>\n\t<meta property=\"og:image:height\" content=\"1076\" \/>\n\t<meta property=\"og:image:type\" content=\"image\/webp\" \/>\n<meta name=\"twitter:card\" content=\"summary_large_image\" \/>\n<meta name=\"twitter:label1\" content=\"Tempo di lettura stimato\" \/>\n\t<meta name=\"twitter:data1\" content=\"1 minuto\" \/>\n<script type=\"application\/ld+json\" class=\"yoast-schema-graph\">{\"@context\":\"https:\/\/schema.org\",\"@graph\":[{\"@type\":\"WebPage\",\"@id\":\"https:\/\/prochinitalia.com\/it\/prodotti-chimici-industriali\/alimentare-e-farmaceutico\/\",\"url\":\"https:\/\/prochinitalia.com\/it\/prodotti-chimici-industriali\/alimentare-e-farmaceutico\/\",\"name\":\"Alimentare e farmaceutico - Prochin\",\"isPartOf\":{\"@id\":\"https:\/\/prochinitalia.com\/it\/#website\"},\"primaryImageOfPage\":{\"@id\":\"https:\/\/prochinitalia.com\/it\/prodotti-chimici-industriali\/alimentare-e-farmaceutico\/#primaryimage\"},\"image\":{\"@id\":\"https:\/\/prochinitalia.com\/it\/prodotti-chimici-industriali\/alimentare-e-farmaceutico\/#primaryimage\"},\"thumbnailUrl\":\"https:\/\/prochinitalia.com\/wp-content\/uploads\/2024\/12\/Copertina-Chimici-Industriali.webp\",\"datePublished\":\"2024-12-20T16:31:27+00:00\",\"dateModified\":\"2024-12-23T14:37:22+00:00\",\"breadcrumb\":{\"@id\":\"https:\/\/prochinitalia.com\/it\/prodotti-chimici-industriali\/alimentare-e-farmaceutico\/#breadcrumb\"},\"inLanguage\":\"it-IT\",\"potentialAction\":[{\"@type\":\"ReadAction\",\"target\":[\"https:\/\/prochinitalia.com\/it\/prodotti-chimici-industriali\/alimentare-e-farmaceutico\/\"]}]},{\"@type\":\"ImageObject\",\"inLanguage\":\"it-IT\",\"@id\":\"https:\/\/prochinitalia.com\/it\/prodotti-chimici-industriali\/alimentare-e-farmaceutico\/#primaryimage\",\"url\":\"https:\/\/prochinitalia.com\/wp-content\/uploads\/2024\/12\/Copertina-Chimici-Industriali.webp\",\"contentUrl\":\"https:\/\/prochinitalia.com\/wp-content\/uploads\/2024\/12\/Copertina-Chimici-Industriali.webp\",\"width\":1920,\"height\":1076},{\"@type\":\"BreadcrumbList\",\"@id\":\"https:\/\/prochinitalia.com\/it\/prodotti-chimici-industriali\/alimentare-e-farmaceutico\/#breadcrumb\",\"itemListElement\":[{\"@type\":\"ListItem\",\"position\":1,\"name\":\"Home\",\"item\":\"https:\/\/prochinitalia.com\/it\/\"},{\"@type\":\"ListItem\",\"position\":2,\"name\":\"Prodotti chimici industriali\",\"item\":\"https:\/\/prochinitalia.com\/it\/prodotti-chimici-industriali\/\"},{\"@type\":\"ListItem\",\"position\":3,\"name\":\"Alimentare e farmaceutico\"}]},{\"@type\":\"WebSite\",\"@id\":\"https:\/\/prochinitalia.com\/it\/#website\",\"url\":\"https:\/\/prochinitalia.com\/it\/\",\"name\":\"Prochin\",\"description\":\"Produzione Prodotti Chimici Industriali\",\"potentialAction\":[{\"@type\":\"SearchAction\",\"target\":{\"@type\":\"EntryPoint\",\"urlTemplate\":\"https:\/\/prochinitalia.com\/it\/?s={search_term_string}\"},\"query-input\":{\"@type\":\"PropertyValueSpecification\",\"valueRequired\":true,\"valueName\":\"search_term_string\"}}],\"inLanguage\":\"it-IT\"}]}<\/script>\n<!-- \/ Yoast SEO plugin. -->","yoast_head_json":{"title":"Alimentare e farmaceutico - Prochin","robots":{"index":"index","follow":"follow","max-snippet":"max-snippet:-1","max-image-preview":"max-image-preview:large","max-video-preview":"max-video-preview:-1"},"canonical":"https:\/\/prochinitalia.com\/it\/prodotti-chimici-industriali\/alimentare-e-farmaceutico\/","og_locale":"it_IT","og_type":"article","og_title":"Alimentare e farmaceutico - Prochin","og_description":"La scelta di materie \u00e8 tesa a garantire prodotti innovativi e sempre disponibili. La qualit\u00e0 e la sicurezza delle stesse \u00e8 il risultato di un\u2019attenta selezione [\u2026]","og_url":"https:\/\/prochinitalia.com\/it\/prodotti-chimici-industriali\/alimentare-e-farmaceutico\/","og_site_name":"Prochin","article_modified_time":"2024-12-23T14:37:22+00:00","og_image":[{"width":1920,"height":1076,"url":"https:\/\/prochinitalia.com\/wp-content\/uploads\/2024\/12\/Copertina-Chimici-Industriali.webp","type":"image\/webp"}],"twitter_card":"summary_large_image","twitter_misc":{"Tempo di lettura stimato":"1 minuto"},"schema":{"@context":"https:\/\/schema.org","@graph":[{"@type":"WebPage","@id":"https:\/\/prochinitalia.com\/it\/prodotti-chimici-industriali\/alimentare-e-farmaceutico\/","url":"https:\/\/prochinitalia.com\/it\/prodotti-chimici-industriali\/alimentare-e-farmaceutico\/","name":"Alimentare e farmaceutico - Prochin","isPartOf":{"@id":"https:\/\/prochinitalia.com\/it\/#website"},"primaryImageOfPage":{"@id":"https:\/\/prochinitalia.com\/it\/prodotti-chimici-industriali\/alimentare-e-farmaceutico\/#primaryimage"},"image":{"@id":"https:\/\/prochinitalia.com\/it\/prodotti-chimici-industriali\/alimentare-e-farmaceutico\/#primaryimage"},"thumbnailUrl":"https:\/\/prochinitalia.com\/wp-content\/uploads\/2024\/12\/Copertina-Chimici-Industriali.webp","datePublished":"2024-12-20T16:31:27+00:00","dateModified":"2024-12-23T14:37:22+00:00","breadcrumb":{"@id":"https:\/\/prochinitalia.com\/it\/prodotti-chimici-industriali\/alimentare-e-farmaceutico\/#breadcrumb"},"inLanguage":"it-IT","potentialAction":[{"@type":"ReadAction","target":["https:\/\/prochinitalia.com\/it\/prodotti-chimici-industriali\/alimentare-e-farmaceutico\/"]}]},{"@type":"ImageObject","inLanguage":"it-IT","@id":"https:\/\/prochinitalia.com\/it\/prodotti-chimici-industriali\/alimentare-e-farmaceutico\/#primaryimage","url":"https:\/\/prochinitalia.com\/wp-content\/uploads\/2024\/12\/Copertina-Chimici-Industriali.webp","contentUrl":"https:\/\/prochinitalia.com\/wp-content\/uploads\/2024\/12\/Copertina-Chimici-Industriali.webp","width":1920,"height":1076},{"@type":"BreadcrumbList","@id":"https:\/\/prochinitalia.com\/it\/prodotti-chimici-industriali\/alimentare-e-farmaceutico\/#breadcrumb","itemListElement":[{"@type":"ListItem","position":1,"name":"Home","item":"https:\/\/prochinitalia.com\/it\/"},{"@type":"ListItem","position":2,"name":"Prodotti chimici industriali","item":"https:\/\/prochinitalia.com\/it\/prodotti-chimici-industriali\/"},{"@type":"ListItem","position":3,"name":"Alimentare e farmaceutico"}]},{"@type":"WebSite","@id":"https:\/\/prochinitalia.com\/it\/#website","url":"https:\/\/prochinitalia.com\/it\/","name":"Prochin","description":"Produzione Prodotti Chimici Industriali","potentialAction":[{"@type":"SearchAction","target":{"@type":"EntryPoint","urlTemplate":"https:\/\/prochinitalia.com\/it\/?s={search_term_string}"},"query-input":{"@type":"PropertyValueSpecification","valueRequired":true,"valueName":"search_term_string"}}],"inLanguage":"it-IT"}]}},"_links":{"self":[{"href":"https:\/\/prochinitalia.com\/it\/wp-json\/wp\/v2\/pages\/522","targetHints":{"allow":["GET"]}}],"collection":[{"href":"https:\/\/prochinitalia.com\/it\/wp-json\/wp\/v2\/pages"}],"about":[{"href":"https:\/\/prochinitalia.com\/it\/wp-json\/wp\/v2\/types\/page"}],"author":[{"embeddable":true,"href":"https:\/\/prochinitalia.com\/it\/wp-json\/wp\/v2\/users\/1"}],"replies":[{"embeddable":true,"href":"https:\/\/prochinitalia.com\/it\/wp-json\/wp\/v2\/comments?post=522"}],"version-history":[{"count":4,"href":"https:\/\/prochinitalia.com\/it\/wp-json\/wp\/v2\/pages\/522\/revisions"}],"predecessor-version":[{"id":901,"href":"https:\/\/prochinitalia.com\/it\/wp-json\/wp\/v2\/pages\/522\/revisions\/901"}],"up":[{"embeddable":true,"href":"https:\/\/prochinitalia.com\/it\/wp-json\/wp\/v2\/pages\/445"}],"wp:featuredmedia":[{"embeddable":true,"href":"https:\/\/prochinitalia.com\/it\/wp-json\/wp\/v2\/media\/941"}],"wp:attachment":[{"href":"https:\/\/prochinitalia.com\/it\/wp-json\/wp\/v2\/media?parent=522"}],"curies":[{"name":"wp","href":"https:\/\/api.w.org\/{rel}","templated":true}]}}